{"id":19449,"date":"2023-10-03T19:02:18","date_gmt":"2023-10-03T18:02:18","guid":{"rendered":"https:\/\/bollati-immobilier.mc\/\/ristrutturazione-a-monaco\/"},"modified":"2024-02-20T20:11:52","modified_gmt":"2024-02-20T19:11:52","slug":"ristrutturazione-a-monaco","status":"publish","type":"page","link":"https:\/\/bollati-immobilier.mc\/it\/ristrutturazione-a-monaco\/","title":{"rendered":"Ristrutturazione"},"content":{"rendered":"\t\t<div data-elementor-type=\"wp-page\" data-elementor-id=\"19449\" class=\"elementor elementor-19449 elementor-19402\">\n\t\t\t\t\t\t<section class=\"elementor-section elementor-top-section elementor-element elementor-element-1348a47f elementor-section-height-min-height animated-slow elementor-section-boxed elementor-section-height-default elementor-section-items-middle elementor-invisible\" data-id=\"1348a47f\" data-element_type=\"section\" data-e-type=\"section\" data-settings=\"{&quot;background_background&quot;:&quot;classic&quot;,&quot;animation&quot;:&quot;fadeIn&quot;}\">\n\t\t\t\t\t\t\t<div class=\"elementor-background-overlay\"><\/div>\n\t\t\t\t\t\t\t<div class=\"elementor-container elementor-column-gap-default\">\n\t\t\t\t\t<div class=\"elementor-column elementor-col-100 elementor-top-column elementor-element elementor-element-42d718df\" data-id=\"42d718df\" data-element_type=\"column\" data-e-type=\"column\">\n\t\t\t<div class=\"elementor-widget-wrap elementor-element-populated\">\n\t\t\t\t\t\t<div class=\"elementor-element elementor-element-54534f80 elementor-widget elementor-widget-heading\" data-id=\"54534f80\" data-element_type=\"widget\" data-e-type=\"widget\" data-widget_type=\"heading.default\">\n\t\t\t\t<div class=\"elementor-widget-container\">\n\t\t\t\t\t<h1 class=\"elementor-heading-title elementor-size-default\">RISTRUTTURAZIONE A MONACO<\/h1>\t\t\t\t<\/div>\n\t\t\t\t<\/div>\n\t\t\t\t\t<\/div>\n\t\t<\/div>\n\t\t\t\t\t<\/div>\n\t\t<\/section>\n\t\t\t\t<section class=\"elementor-section elementor-top-section elementor-element elementor-element-6db0302 elementor-section-boxed elementor-section-height-default elementor-section-height-default\" data-id=\"6db0302\" data-element_type=\"section\" data-e-type=\"section\">\n\t\t\t\t\t\t<div class=\"elementor-container elementor-column-gap-default\">\n\t\t\t\t\t<div class=\"elementor-column elementor-col-100 elementor-top-column elementor-element elementor-element-e4eedff\" data-id=\"e4eedff\" data-element_type=\"column\" data-e-type=\"column\">\n\t\t\t<div class=\"elementor-widget-wrap elementor-element-populated\">\n\t\t\t\t\t\t\t<\/div>\n\t\t<\/div>\n\t\t\t\t\t<\/div>\n\t\t<\/section>\n\t\t\t\t<section class=\"elementor-section elementor-top-section elementor-element elementor-element-861d26d elementor-section-boxed elementor-section-height-default elementor-section-height-default\" data-id=\"861d26d\" data-element_type=\"section\" data-e-type=\"section\">\n\t\t\t\t\t\t<div class=\"elementor-container elementor-column-gap-default\">\n\t\t\t\t\t<div class=\"elementor-column elementor-col-66 elementor-top-column elementor-element elementor-element-9abb92c\" data-id=\"9abb92c\" data-element_type=\"column\" data-e-type=\"column\">\n\t\t\t<div class=\"elementor-widget-wrap elementor-element-populated\">\n\t\t\t\t\t\t<div class=\"elementor-element elementor-element-5bf995d elementor-widget elementor-widget-text-editor\" data-id=\"5bf995d\" data-element_type=\"widget\" data-e-type=\"widget\" data-widget_type=\"text-editor.default\">\n\t\t\t\t<div class=\"elementor-widget-container\">\n\t\t\t\t\t\t\t\t\t<h2 style=\"color: #213864; font-weight: 300;\">La competenza dietro ogni ristrutturazione a Monaco<\/h2>\n<p>Monaco, questo gioiello del Mediterraneo, \u00e8 un&#8217;accattivante miscela di storia e modernit\u00e0. Ed \u00e8 proprio questa dualit\u00e0 che incontriamo in ogni progetto di ristrutturazione a Monaco. Dietro ogni porta si nasconde una storia unica, una sfida da affrontare e una visione da realizzare.<\/p>\n<\/p>\n<h2 style=\"color: #213864; font-weight: 300;\">La magia della luce a Monaco<\/h2>\n<p>Nel gioiello che \u00e8 Monaco, con i suoi panorami eccezionali, la luce gioca un ruolo predominante. Serve a mettere in risalto gli spazi, a creare atmosfere e a dare un&#8217;anima autentica a ogni interno. Sfruttiamo sia la luce naturale offerta dal paesaggio monegasco sia le moderne tecniche di illuminazione per valorizzare ogni spazio.<\/p>\n\t\t\t\t\t\t\t\t<\/div>\n\t\t\t\t<\/div>\n\t\t\t\t\t<\/div>\n\t\t<\/div>\n\t\t\t\t<div class=\"elementor-column elementor-col-33 elementor-top-column elementor-element elementor-element-a09e7d9 elementor-hidden-tablet elementor-hidden-mobile\" data-id=\"a09e7d9\" data-element_type=\"column\" data-e-type=\"column\" id=\"my-form-renov\">\n\t\t\t<div class=\"elementor-widget-wrap elementor-element-populated\">\n\t\t\t\t\t\t<div class=\"elementor-element elementor-element-0699cb5 elementor-button-align-stretch elementor-widget elementor-widget-houzez_elementor_inquiry_form\" data-id=\"0699cb5\" data-element_type=\"widget\" data-e-type=\"widget\" data-widget_type=\"houzez_elementor_inquiry_form.default\">\n\t\t\t\t<div class=\"elementor-widget-container\">\n\t\t\t\t\tInstalla e attiva il plugin di funzionalit\u00e0 del tema Houzez.\t\t\t\t<\/div>\n\t\t\t\t<\/div>\n\t\t\t\t\t<\/div>\n\t\t<\/div>\n\t\t\t\t\t<\/div>\n\t\t<\/section>\n\t\t\t\t<section class=\"elementor-section elementor-top-section elementor-element elementor-element-14ded8b elementor-section-boxed elementor-section-height-default elementor-section-height-default\" data-id=\"14ded8b\" data-element_type=\"section\" data-e-type=\"section\">\n\t\t\t\t\t\t<div class=\"elementor-container elementor-column-gap-default\">\n\t\t\t\t\t<div class=\"elementor-column elementor-col-100 elementor-top-column elementor-element elementor-element-3d34d6e\" data-id=\"3d34d6e\" data-element_type=\"column\" data-e-type=\"column\">\n\t\t\t<div class=\"elementor-widget-wrap elementor-element-populated\">\n\t\t\t\t\t\t<div class=\"elementor-element elementor-element-4e4588d elementor-widget elementor-widget-text-editor\" data-id=\"4e4588d\" data-element_type=\"widget\" data-e-type=\"widget\" data-widget_type=\"text-editor.default\">\n\t\t\t\t<div class=\"elementor-widget-container\">\n\t\t\t\t\t\t\t\t\t<h2 style=\"color: #213864; font-weight: 300;\">L&#8217;unicit\u00e0 di ogni propriet\u00e0 a Monaco<\/h2>\n<p>Monaco \u00e8 un mosaico di architetture e di storie. Ogni casa, ogni appartamento \u00e8 unico. Ogni angolo e ogni particolare racchiudono segreti e sfide. Il nostro ruolo non \u00e8 quello di applicare un modello standard, ma di ascoltare e comprendere l&#8217;anima di ogni luogo. Ci immergiamo nella visione del proprietario per creare uno spazio che rifletta la sua identit\u00e0 e che onori il patrimonio di Monaco.<\/p><p><br><\/p>\n<h2 style=\"color: #213864; font-weight: 300;\">La tavolozza dei colori: Un viaggio emozionale<\/h2>\n<p>A Monaco, il colore non \u00e8 solo una tinta su una parete. Evoca il mare, il cielo, i giardini lussureggianti e il trambusto della vita cittadina. La scelta dei colori \u00e8 quindi fondamentale. Che si tratti di una tonalit\u00e0 vibrante che ricorda l&#8217;azzurro del Mediterraneo o di un tono morbido e rilassante che evoca i giardini nascosti di Monaco, consigliamo i nostri clienti con un&#8217;esperienza precisa per creare l&#8217;ambiente perfetto.<\/p><p><br><\/p>\n<h3 style=\"color: #213864; font-weight: 300;\">Sfide affrontate e superate a Monaco<\/h3>\n<p>Nel corso degli anni, abbiamo incontrato situazioni complesse durante i nostri progetti di ristrutturazione a Monaco, affrontando spesso sfide architettoniche diverse, come la trasformazione di una cantina buia in uno spazio abitativo luminoso o l&#8217;ottimizzazione di un piccolo appartamento per farlo sentire spazioso.<\/p>\n<p>Ogni progetto ha caratteristiche uniche. Di fronte a queste sfide, come la trasformazione di un seminterrato buio in un rifugio luminoso o l&#8217;ottimizzazione di uno studio per massimizzarne il volume, la nostra dedizione e la nostra esperienza brillano. Per noi, ogni complessit\u00e0 \u00e8 un&#8217;opportunit\u00e0 per innovare, mostrare la nostra maestria tecnica e ridefinire gli standard di eccellenza nella ristrutturazione di Monaco.<\/p>\n<p>Grazie alla nostra competenza e alla nostra passione, abbiamo sempre trovato soluzioni innovative. Ogni difficolt\u00e0 \u00e8 per noi un&#8217;opportunit\u00e0 per dimostrare la nostra abilit\u00e0 artigianale e spingerci oltre i confini del possibile.<\/p>\n<h3 style=\"color: #213864; font-weight: 300;\"><br><\/h3><h3 style=\"color: #213864; font-weight: 300;\">Monaco, un parco giochi per i nostri espert<\/h3>\n<p>Ogni vicolo, ogni edificio di Monaco ci ispira. \u00c8 un luogo in cui il vecchio e il nuovo convivono, creando un terreno di gioco ideale per i nostri esperti di ristrutturazione. Che si tratti di rivitalizzare un attico con vista mozzafiato sul porto o di trasformare una villa storica, ogni progetto \u00e8 un&#8217;occasione per mettere in mostra la nostra esperienza di ristrutturazione a Monaco.<\/p>\n<h2 style=\"color: #213864; font-weight: 300;\"><br><\/h2><h2 style=\"color: #213864; font-weight: 300;\"> Siamo il vostro partner ideale per le ristrutturazioni a Monaco<\/h2>\n<p>\u00c8 il momento di trasformare il vostro spazio a Monaco in un capolavoro vivibile. Siamo pronti ad accompagnarvi in questo viaggio. Affidatevi alla nostra esperienza e lasciate che vi mostriamo cosa significa una vera ristrutturazione a Monaco.<\/p>\t\t\t\t\t\t\t\t<\/div>\n\t\t\t\t<\/div>\n\t\t\t\t\t<\/div>\n\t\t<\/div>\n\t\t\t\t\t<\/div>\n\t\t<\/section>\n\t\t\t\t<section class=\"elementor-section elementor-top-section elementor-element elementor-element-1790367 elementor-section-boxed elementor-section-height-default elementor-section-height-default\" data-id=\"1790367\" data-element_type=\"section\" data-e-type=\"section\">\n\t\t\t\t\t\t<div class=\"elementor-container elementor-column-gap-default\">\n\t\t\t\t\t<div class=\"elementor-column elementor-col-100 elementor-top-column elementor-element elementor-element-3b11e39\" data-id=\"3b11e39\" data-element_type=\"column\" data-e-type=\"column\">\n\t\t\t<div class=\"elementor-widget-wrap elementor-element-populated\">\n\t\t\t\t\t\t\t<\/div>\n\t\t<\/div>\n\t\t\t\t\t<\/div>\n\t\t<\/section>\n\t\t\t\t<section class=\"elementor-section elementor-top-section elementor-element elementor-element-6c439ee elementor-section-boxed elementor-section-height-default elementor-section-height-default\" data-id=\"6c439ee\" data-element_type=\"section\" data-e-type=\"section\">\n\t\t\t\t\t\t<div class=\"elementor-container elementor-column-gap-default\">\n\t\t\t\t\t<div class=\"elementor-column elementor-col-50 elementor-top-column elementor-element elementor-element-8cd8d38\" data-id=\"8cd8d38\" data-element_type=\"column\" data-e-type=\"column\">\n\t\t\t<div class=\"elementor-widget-wrap elementor-element-populated\">\n\t\t\t\t\t\t<div class=\"elementor-element elementor-element-44a82fb elementor-widget elementor-widget-slides\" data-id=\"44a82fb\" data-element_type=\"widget\" data-e-type=\"widget\" data-widget_type=\"slides.default\">\n\t\t\t\t<div class=\"elementor-widget-container\">\n\t\t\t\t\t \t\t\t\t<\/div>\n\t\t\t\t<\/div>\n\t\t\t\t\t<\/div>\n\t\t<\/div>\n\t\t\t\t<div class=\"elementor-column elementor-col-50 elementor-top-column elementor-element elementor-element-adebe51\" data-id=\"adebe51\" data-element_type=\"column\" data-e-type=\"column\">\n\t\t\t<div class=\"elementor-widget-wrap elementor-element-populated\">\n\t\t\t\t\t\t<div class=\"elementor-element elementor-element-7b24593 elementor-widget elementor-widget-slides\" data-id=\"7b24593\" data-element_type=\"widget\" data-e-type=\"widget\" data-widget_type=\"slides.default\">\n\t\t\t\t<div class=\"elementor-widget-container\">\n\t\t\t\t\t \t\t\t\t<\/div>\n\t\t\t\t<\/div>\n\t\t\t\t\t<\/div>\n\t\t<\/div>\n\t\t\t\t\t<\/div>\n\t\t<\/section>\n\t\t\t\t<section class=\"elementor-section elementor-top-section elementor-element elementor-element-e21cb9c elementor-section-boxed elementor-section-height-default elementor-section-height-default\" data-id=\"e21cb9c\" data-element_type=\"section\" data-e-type=\"section\">\n\t\t\t\t\t\t<div class=\"elementor-container elementor-column-gap-default\">\n\t\t\t\t\t<div class=\"elementor-column elementor-col-50 elementor-top-column elementor-element elementor-element-b375194\" data-id=\"b375194\" data-element_type=\"column\" data-e-type=\"column\">\n\t\t\t<div class=\"elementor-widget-wrap elementor-element-populated\">\n\t\t\t\t\t\t<div class=\"elementor-element elementor-element-24b4ac2 elementor-widget elementor-widget-slides\" data-id=\"24b4ac2\" data-element_type=\"widget\" data-e-type=\"widget\" data-widget_type=\"slides.default\">\n\t\t\t\t<div class=\"elementor-widget-container\">\n\t\t\t\t\t \t\t\t\t<\/div>\n\t\t\t\t<\/div>\n\t\t\t\t\t<\/div>\n\t\t<\/div>\n\t\t\t\t<div class=\"elementor-column elementor-col-50 elementor-top-column elementor-element elementor-element-450243c\" data-id=\"450243c\" data-element_type=\"column\" data-e-type=\"column\">\n\t\t\t<div class=\"elementor-widget-wrap elementor-element-populated\">\n\t\t\t\t\t\t<div class=\"elementor-element elementor-element-9213ca4 elementor-widget elementor-widget-slides\" data-id=\"9213ca4\" data-element_type=\"widget\" data-e-type=\"widget\" data-widget_type=\"slides.default\">\n\t\t\t\t<div class=\"elementor-widget-container\">\n\t\t\t\t\t \t\t\t\t<\/div>\n\t\t\t\t<\/div>\n\t\t\t\t\t<\/div>\n\t\t<\/div>\n\t\t\t\t\t<\/div>\n\t\t<\/section>\n\t\t\t\t<section class=\"elementor-section elementor-top-section elementor-element elementor-element-b978542 elementor-section-boxed elementor-section-height-default elementor-section-height-default\" data-id=\"b978542\" data-element_type=\"section\" data-e-type=\"section\">\n\t\t\t\t\t\t<div class=\"elementor-container elementor-column-gap-default\">\n\t\t\t\t\t<div class=\"elementor-column elementor-col-50 elementor-top-column elementor-element elementor-element-fc28789\" data-id=\"fc28789\" data-element_type=\"column\" data-e-type=\"column\">\n\t\t\t<div class=\"elementor-widget-wrap elementor-element-populated\">\n\t\t\t\t\t\t<div class=\"elementor-element elementor-element-cc961df elementor-widget elementor-widget-slides\" data-id=\"cc961df\" data-element_type=\"widget\" data-e-type=\"widget\" data-widget_type=\"slides.default\">\n\t\t\t\t<div class=\"elementor-widget-container\">\n\t\t\t\t\t \t\t\t\t<\/div>\n\t\t\t\t<\/div>\n\t\t\t\t\t<\/div>\n\t\t<\/div>\n\t\t\t\t<div class=\"elementor-column elementor-col-50 elementor-top-column elementor-element elementor-element-56583f2\" data-id=\"56583f2\" data-element_type=\"column\" data-e-type=\"column\">\n\t\t\t<div class=\"elementor-widget-wrap elementor-element-populated\">\n\t\t\t\t\t\t<div class=\"elementor-element elementor-element-945c1aa elementor-widget elementor-widget-slides\" data-id=\"945c1aa\" data-element_type=\"widget\" data-e-type=\"widget\" data-widget_type=\"slides.default\">\n\t\t\t\t<div class=\"elementor-widget-container\">\n\t\t\t\t\t \t\t\t\t<\/div>\n\t\t\t\t<\/div>\n\t\t\t\t\t<\/div>\n\t\t<\/div>\n\t\t\t\t\t<\/div>\n\t\t<\/section>\n\t\t\t\t<section class=\"elementor-section elementor-top-section elementor-element elementor-element-4ba5160 elementor-section-boxed elementor-section-height-default elementor-section-height-default\" data-id=\"4ba5160\" data-element_type=\"section\" data-e-type=\"section\">\n\t\t\t\t\t\t<div class=\"elementor-container elementor-column-gap-default\">\n\t\t\t\t\t<div class=\"elementor-column elementor-col-50 elementor-top-column elementor-element elementor-element-8df11ba\" data-id=\"8df11ba\" data-element_type=\"column\" data-e-type=\"column\">\n\t\t\t<div class=\"elementor-widget-wrap elementor-element-populated\">\n\t\t\t\t\t\t<div class=\"elementor-element elementor-element-4e95c51 elementor-widget elementor-widget-slides\" data-id=\"4e95c51\" data-element_type=\"widget\" data-e-type=\"widget\" data-widget_type=\"slides.default\">\n\t\t\t\t<div class=\"elementor-widget-container\">\n\t\t\t\t\t \t\t\t\t<\/div>\n\t\t\t\t<\/div>\n\t\t\t\t\t<\/div>\n\t\t<\/div>\n\t\t\t\t<div class=\"elementor-column elementor-col-50 elementor-top-column elementor-element elementor-element-40112f0\" data-id=\"40112f0\" data-element_type=\"column\" data-e-type=\"column\">\n\t\t\t<div class=\"elementor-widget-wrap elementor-element-populated\">\n\t\t\t\t\t\t<div class=\"elementor-element elementor-element-2e52a24 elementor-widget elementor-widget-slides\" data-id=\"2e52a24\" data-element_type=\"widget\" data-e-type=\"widget\" data-widget_type=\"slides.default\">\n\t\t\t\t<div class=\"elementor-widget-container\">\n\t\t\t\t\t \t\t\t\t<\/div>\n\t\t\t\t<\/div>\n\t\t\t\t\t<\/div>\n\t\t<\/div>\n\t\t\t\t\t<\/div>\n\t\t<\/section>\n\t\t\t\t<section class=\"elementor-section elementor-top-section elementor-element elementor-element-a5eeb62 elementor-section-boxed elementor-section-height-default elementor-section-height-default\" data-id=\"a5eeb62\" data-element_type=\"section\" data-e-type=\"section\">\n\t\t\t\t\t\t<div class=\"elementor-container elementor-column-gap-default\">\n\t\t\t\t\t<div class=\"elementor-column elementor-col-50 elementor-top-column elementor-element elementor-element-8dfc27f\" data-id=\"8dfc27f\" data-element_type=\"column\" data-e-type=\"column\" data-settings=\"{&quot;background_background&quot;:&quot;classic&quot;}\">\n\t\t\t<div class=\"elementor-widget-wrap elementor-element-populated\">\n\t\t\t\t\t\t<div class=\"elementor-element elementor-element-3660ba3 elementor-widget elementor-widget-slides\" data-id=\"3660ba3\" data-element_type=\"widget\" data-e-type=\"widget\" data-widget_type=\"slides.default\">\n\t\t\t\t<div class=\"elementor-widget-container\">\n\t\t\t\t\t \t\t\t\t<\/div>\n\t\t\t\t<\/div>\n\t\t\t\t\t<\/div>\n\t\t<\/div>\n\t\t\t\t<div class=\"elementor-column elementor-col-50 elementor-top-column elementor-element elementor-element-418063f\" data-id=\"418063f\" data-element_type=\"column\" data-e-type=\"column\">\n\t\t\t<div class=\"elementor-widget-wrap elementor-element-populated\">\n\t\t\t\t\t\t<div class=\"elementor-element elementor-element-5d51385 elementor-widget elementor-widget-slides\" data-id=\"5d51385\" data-element_type=\"widget\" data-e-type=\"widget\" data-widget_type=\"slides.default\">\n\t\t\t\t<div class=\"elementor-widget-container\">\n\t\t\t\t\t \t\t\t\t<\/div>\n\t\t\t\t<\/div>\n\t\t\t\t\t<\/div>\n\t\t<\/div>\n\t\t\t\t\t<\/div>\n\t\t<\/section>\n\t\t\t\t<section class=\"elementor-section elementor-top-section elementor-element elementor-element-2cbbd54 elementor-section-boxed elementor-section-height-default elementor-section-height-default\" data-id=\"2cbbd54\" data-element_type=\"section\" data-e-type=\"section\">\n\t\t\t\t\t\t<div class=\"elementor-container elementor-column-gap-default\">\n\t\t\t\t\t<div class=\"elementor-column elementor-col-100 elementor-top-column elementor-element elementor-element-7cdba76\" data-id=\"7cdba76\" data-element_type=\"column\" data-e-type=\"column\">\n\t\t\t<div class=\"elementor-widget-wrap elementor-element-populated\">\n\t\t\t\t\t\t<div class=\"elementor-element elementor-element-ae98d77 elementor-button-danger elementor-align-center elementor-widget elementor-widget-button\" data-id=\"ae98d77\" data-element_type=\"widget\" data-e-type=\"widget\" data-widget_type=\"button.default\">\n\t\t\t\t<div class=\"elementor-widget-container\">\n\t\t\t\t\t\t\t\t\t<div class=\"elementor-button-wrapper\">\n\t\t\t\t\t<a class=\"elementor-button elementor-button-link elementor-size-md\" href=\"https:\/\/bollati-immobilier.mc\/\/it\/conttato\/\">\n\t\t\t\t\t\t<span class=\"elementor-button-content-wrapper\">\n\t\t\t\t\t\t\t\t\t<span class=\"elementor-button-text\">Contattateci<\/span>\n\t\t\t\t\t<\/span>\n\t\t\t\t\t<\/a>\n\t\t\t\t<\/div>\n\t\t\t\t\t\t\t\t<\/div>\n\t\t\t\t<\/div>\n\t\t\t\t\t<\/div>\n\t\t<\/div>\n\t\t\t\t\t<\/div>\n\t\t<\/section>\n\t\t\t\t<\/div>\n\t\t","protected":false},"excerpt":{"rendered":"<p>RISTRUTTURAZIONE A MONACO La competenza dietro ogni ristrutturazione a Monaco Monaco, questo gioiello del Mediterraneo, \u00e8 un&#8217;accattivante miscela di storia e modernit\u00e0. Ed \u00e8 proprio questa dualit\u00e0 che incontriamo in ogni progetto di ristrutturazione a Monaco. Dietro ogni porta si nasconde una storia unica, una sfida da affrontare e una visione da realizzare. La magia [&hellip;]<\/p>\n","protected":false},"author":3,"featured_media":0,"parent":0,"menu_order":0,"comment_status":"closed","ping_status":"closed","template":"template\/template-homepage.php","meta":{"_seopress_robots_primary_cat":"","_seopress_titles_title":"","_seopress_titles_desc":"","_seopress_robots_index":"","footnotes":""},"class_list":["post-19449","page","type-page","status-publish","hentry"],"_links":{"self":[{"href":"https:\/\/bollati-immobilier.mc\/it\/wp-json\/wp\/v2\/pages\/19449","targetHints":{"allow":["GET"]}}],"collection":[{"href":"https:\/\/bollati-immobilier.mc\/it\/wp-json\/wp\/v2\/pages"}],"about":[{"href":"https:\/\/bollati-immobilier.mc\/it\/wp-json\/wp\/v2\/types\/page"}],"author":[{"embeddable":true,"href":"https:\/\/bollati-immobilier.mc\/it\/wp-json\/wp\/v2\/users\/3"}],"replies":[{"embeddable":true,"href":"https:\/\/bollati-immobilier.mc\/it\/wp-json\/wp\/v2\/comments?post=19449"}],"version-history":[{"count":0,"href":"https:\/\/bollati-immobilier.mc\/it\/wp-json\/wp\/v2\/pages\/19449\/revisions"}],"wp:attachment":[{"href":"https:\/\/bollati-immobilier.mc\/it\/wp-json\/wp\/v2\/media?parent=19449"}],"curies":[{"name":"wp","href":"https:\/\/api.w.org\/{rel}","templated":true}]}}