{"id":19213,"date":"2023-08-31T12:57:25","date_gmt":"2023-08-31T11:57:25","guid":{"rendered":"https:\/\/bollati-immobilier.mc\/\/vendi-la-tua-proprieta\/"},"modified":"2024-02-21T13:33:09","modified_gmt":"2024-02-21T12:33:09","slug":"vendi-la-tua-proprieta","status":"publish","type":"page","link":"https:\/\/bollati-immobilier.mc\/it\/vendi-la-tua-proprieta\/","title":{"rendered":"VENDI LA TUA PROPRIET\u00c0"},"content":{"rendered":"\t\t<div data-elementor-type=\"wp-page\" data-elementor-id=\"19213\" class=\"elementor elementor-19213 elementor-18047\">\n\t\t\t\t\t\t<section class=\"elementor-section elementor-top-section elementor-element elementor-element-5b81e21 elementor-section-height-min-height animated-slow elementor-section-boxed elementor-section-height-default elementor-section-items-middle elementor-invisible\" data-id=\"5b81e21\" data-element_type=\"section\" data-e-type=\"section\" data-settings=\"{&quot;background_background&quot;:&quot;classic&quot;,&quot;animation&quot;:&quot;fadeIn&quot;}\">\n\t\t\t\t\t\t\t<div class=\"elementor-background-overlay\"><\/div>\n\t\t\t\t\t\t\t<div class=\"elementor-container elementor-column-gap-default\">\n\t\t\t\t\t<div class=\"elementor-column elementor-col-100 elementor-top-column elementor-element elementor-element-ad367f8\" data-id=\"ad367f8\" data-element_type=\"column\" data-e-type=\"column\">\n\t\t\t<div class=\"elementor-widget-wrap elementor-element-populated\">\n\t\t\t\t\t\t<div class=\"elementor-element elementor-element-0e7939f elementor-widget elementor-widget-heading\" data-id=\"0e7939f\" data-element_type=\"widget\" data-e-type=\"widget\" data-widget_type=\"heading.default\">\n\t\t\t\t<div class=\"elementor-widget-container\">\n\t\t\t\t\t<h1 class=\"elementor-heading-title elementor-size-default\">VENDI LA TUA PROPRIET\u00c0<\/h1>\t\t\t\t<\/div>\n\t\t\t\t<\/div>\n\t\t\t\t\t<\/div>\n\t\t<\/div>\n\t\t\t\t\t<\/div>\n\t\t<\/section>\n\t\t\t\t<section class=\"elementor-section elementor-top-section elementor-element elementor-element-09038dc elementor-section-boxed elementor-section-height-default elementor-section-height-default\" data-id=\"09038dc\" data-element_type=\"section\" data-e-type=\"section\" data-settings=\"{&quot;background_background&quot;:&quot;classic&quot;}\">\n\t\t\t\t\t\t<div class=\"elementor-container elementor-column-gap-default\">\n\t\t\t\t\t<div class=\"elementor-column elementor-col-100 elementor-top-column elementor-element elementor-element-c8278ac\" data-id=\"c8278ac\" data-element_type=\"column\" data-e-type=\"column\">\n\t\t\t<div class=\"elementor-widget-wrap elementor-element-populated\">\n\t\t\t\t\t\t<div class=\"elementor-element elementor-element-65f1be3 animated-slow elementor-invisible elementor-widget elementor-widget-houzez_elementor_section_title\" data-id=\"65f1be3\" data-element_type=\"widget\" data-e-type=\"widget\" data-settings=\"{&quot;_animation&quot;:&quot;fadeIn&quot;}\" data-widget_type=\"houzez_elementor_section_title.default\">\n\t\t\t\t<div class=\"elementor-widget-container\">\n\t\t\t\t\t            <div class=\"houzez_section_title_wrap section-title-module\">\n                                    <h2 class=\"houzez_section_title\">PERCH\u00c9 SCEGLIERCI? <\/h2>\n                \n                            <\/div>\n            \t\t\t\t<\/div>\n\t\t\t\t<\/div>\n\t\t\t\t<div class=\"elementor-element elementor-element-69fe9b8 elementor-widget elementor-widget-text-editor\" data-id=\"69fe9b8\" data-element_type=\"widget\" data-e-type=\"widget\" data-widget_type=\"text-editor.default\">\n\t\t\t\t<div class=\"elementor-widget-container\">\n\t\t\t\t\t\t\t\t\t<p>Nel cuore di Monaco, sinonimo di lusso ed esclusivit\u00e0, trovare un partner immobiliare che incarni fiducia, esperienza e calore familiare \u00e8 un tesoro. Bollati Immobilier, con la sua ricca storia che risale al 1978 e la sua dedizione al mercato immobiliare, \u00e8 un faro di questi valori. Ecco perch\u00e9 Bollati Immobilier dovrebbe essere la vostra prima scelta quando pensate di vendere la vostra propriet\u00e0.<\/p>\n\t\t\t\t\t\t\t\t<\/div>\n\t\t\t\t<\/div>\n\t\t\t\t<section class=\"elementor-section elementor-inner-section elementor-element elementor-element-7d852d2 elementor-section-boxed elementor-section-height-default elementor-section-height-default\" data-id=\"7d852d2\" data-element_type=\"section\" data-e-type=\"section\">\n\t\t\t\t\t\t<div class=\"elementor-container elementor-column-gap-default\">\n\t\t\t\t\t<div class=\"elementor-column elementor-col-50 elementor-inner-column elementor-element elementor-element-c2a3094\" data-id=\"c2a3094\" data-element_type=\"column\" data-e-type=\"column\">\n\t\t\t<div class=\"elementor-widget-wrap elementor-element-populated\">\n\t\t\t\t\t\t<div class=\"elementor-element elementor-element-44f3734 animated-slow elementor-invisible elementor-widget elementor-widget-houzez_elementor_section_title\" data-id=\"44f3734\" data-element_type=\"widget\" data-e-type=\"widget\" data-settings=\"{&quot;_animation&quot;:&quot;fadeIn&quot;}\" data-widget_type=\"houzez_elementor_section_title.default\">\n\t\t\t\t<div class=\"elementor-widget-container\">\n\t\t\t\t\t            <div class=\"houzez_section_title_wrap section-title-module\">\n                                    <h2 class=\"houzez_section_title\">DI COSA SI DEVE TENERE CONTO QUANDO SI VENDE UN IMMOBILE?<\/h2>\n                \n                            <\/div>\n            \t\t\t\t<\/div>\n\t\t\t\t<\/div>\n\t\t\t\t<div class=\"elementor-element elementor-element-8d3f67f elementor-widget elementor-widget-text-editor\" data-id=\"8d3f67f\" data-element_type=\"widget\" data-e-type=\"widget\" data-widget_type=\"text-editor.default\">\n\t\t\t\t<div class=\"elementor-widget-container\">\n\t\t\t\t\t\t\t\t\t<div class=\"flex flex-grow flex-col gap-3 max-w-full\">\n<div class=\"min-h-[20px] flex flex-col items-start gap-3 overflow-x-auto whitespace-pre-wrap break-words\">\n<div class=\"markdown prose w-full break-words dark:prose-invert light\">\n<h3>Apprezzare il valore<\/h3>\n<p>In un mercato immobiliare in rapida evoluzione, riconoscere e sfruttare il valore della vostra propriet\u00e0 \u00e8 fondamentale. Bollati Immobilier, con un&#8217;eredit\u00e0 che abbraccia tre generazioni, offre una valutazione esperta e un posizionamento strategico per migliorare l&#8217;attrattiva e il valore della vostra propriet\u00e0 nel mercato unico di Monaco<\/p>\n<h3>Un&#8217;azienda a conduzione familiare con un tocco personale<\/h3>\n<p>Scegliere Bollati Immobilier significa optare per un partner che valorizza le relazioni rispetto alle transazioni. Essendo un&#8217;azienda al 100% a conduzione familiare, comprendiamo l&#8217;importanza della fiducia, dell&#8217;onest\u00e0 e dell&#8217;integrit\u00e0. Questi valori sono al centro delle nostre attivit\u00e0 Il nostro approccio \u00e8 personalizzato per soddisfare le vostre esigenze specifiche, garantendo un&#8217;esperienza personale e senza soluzione di continuit\u00e0 durante l&#8217;intero processo di vendita.<\/p>\n<h3>Servizi completi sotto un unico tetto<\/h3>\n<p>Bollati Immobilier si propone come partner completo, coprendo ogni aspetto del processo di vendita, tra cui stime, vendite, affitti e altro ancora. I nostri servizi, tra cui la gestione immobiliare, lo sviluppo e la consulenza strategica su ristrutturazioni e allestimenti, assicurano che la vostra propriet\u00e0 eccella nell&#8217;ambiente competitivo di Monaco.<\/p>\n<\/p>\n<h3>Al vostro servizio<\/h3>\n<p>In un mercato cos\u00ec esclusivo come quello di Monaco, la scelta del partner immobiliare giusto \u00e8 fondamentale. Bollati Immobilier, con la sua ricca storia, il calore familiare, i servizi completi e l&#8217;incrollabile dedizione al successo dei clienti, si distingue come la scelta principale per coloro che cercano di vendere la propria propriet\u00e0. Affidatevi a noi per navigare nelle complessit\u00e0 del mercato immobiliare, assicurandovi che la vostra propriet\u00e0 non solo venga venduta, ma che lo faccia al suo vero valore, con il rispetto e la professionalit\u00e0 che merita.<\/p>\n<\/div>\n<\/div>\n<\/div>\n\t\t\t\t\t\t\t\t<\/div>\n\t\t\t\t<\/div>\n\t\t\t\t\t<\/div>\n\t\t<\/div>\n\t\t\t\t<div class=\"elementor-column elementor-col-50 elementor-inner-column elementor-element elementor-element-40cbd78\" data-id=\"40cbd78\" data-element_type=\"column\" data-e-type=\"column\" data-settings=\"{&quot;background_background&quot;:&quot;classic&quot;}\">\n\t\t\t<div class=\"elementor-widget-wrap elementor-element-populated\">\n\t\t\t\t\t\t<div class=\"elementor-element elementor-element-05c5608 animated-slow elementor-invisible elementor-widget elementor-widget-houzez_elementor_section_title\" data-id=\"05c5608\" data-element_type=\"widget\" data-e-type=\"widget\" data-settings=\"{&quot;_animation&quot;:&quot;fadeIn&quot;}\" data-widget_type=\"houzez_elementor_section_title.default\">\n\t\t\t\t<div class=\"elementor-widget-container\">\n\t\t\t\t\t            <div class=\"houzez_section_title_wrap section-title-module\">\n                                    <h2 class=\"houzez_section_title\"><p>Il nostro team dedicato \u00e8 a vostra disposizione per supportarvi in ogni fase del processo di vendita della vostra propriet\u00e0, assicurandovi un'esperienza di vendita perfetta e di successo. Non esitate a contattarci oggi stesso!<\/p><\/h2>\n                \n                            <\/div>\n            \t\t\t\t<\/div>\n\t\t\t\t<\/div>\n\t\t\t\t<div class=\"elementor-element elementor-element-3dd0ccf elementor-button-align-stretch elementor-widget elementor-widget-houzez_elementor_contact_form\" data-id=\"3dd0ccf\" data-element_type=\"widget\" data-e-type=\"widget\" data-widget_type=\"houzez_elementor_contact_form.default\">\n\t\t\t\t<div class=\"elementor-widget-container\">\n\t\t\t\t\t\n        <script type=\"application\/javascript\">\n            jQuery(document).bind(\"ready\", function () {\n                houzezValidateElementor(\"#houzez-form-3dd0ccf\" );\n            });\n        <\/script>\n\n        <form class=\"elementor-form houzez-ele-form-js\" id=\"houzez-form-3dd0ccf\" method=\"post\" name=\"New Form\" action=\"https:\/\/bollati-immobilier.mc\/wp-admin\/admin-ajax.php\">\n            <input type=\"hidden\" name=\"form_id\" value=\"3dd0ccf\"\/>\n            <input type=\"hidden\" name=\"houzez_contact_form\" value=\"yes\"\/>\n            <input type=\"hidden\" name=\"action\" value=\"houzez_ele_contact_form\" \/>\n            <input type=\"hidden\" name=\"source_link\" value=\"https:\/\/bollati-immobilier.mc\/it\/vendi-la-tua-proprieta\/\" \/>\n            <input type=\"hidden\" name=\"lead_page_id\" value=\"19213\" \/>\n            <input type=\"hidden\" name=\"email_to\" value=\"admin@bollati-immobilier.mc\" \/>\n            <input type=\"hidden\" name=\"email_subject\" value=\"New message from &quot;Monaco Real Estates&quot;\" \/>\n            <input type=\"hidden\" name=\"email_to_cc\" value=\"\" \/>\n            <input type=\"hidden\" name=\"email_to_bcc\" value=\"\" \/>\n            <input type=\"hidden\" name=\"webhook\" value=\"false\" \/>\n            <input type=\"hidden\" name=\"webhook_url\" value=\"\" \/>\n            <input type=\"hidden\" name=\"redirect_to\" value=\"\" \/>\n            <input type=\"hidden\" name=\"google_recaptcha\" value=\"false\" \/>\n            \n\n            <div class=\"elementor-form-fields-wrapper elementor-labels-above\">\n\n                                    <div class=\"elementor-field-group elementor-column form-group elementor-field-group-name elementor-col-100\">\n                    <label for=\"form-field-name\" class=\"elementor-field-label\">Nome e cognome<\/label><input type=\"text\" name=\"name\" id=\"form-field-name\" class=\"elementor-field form-control elementor-size-md elementor-field-textual\" title=\"* Nome e cognome\">                    <\/div>\n\n                                        <div class=\"elementor-field-group elementor-column form-group elementor-field-group-email elementor-col-100 elementor-field-required\">\n                    <label for=\"form-field-email\" class=\"elementor-field-label\">Email<\/label><input type=\"email\" name=\"email\" id=\"form-field-email\" class=\"elementor-field form-control elementor-size-md elementor-field-textual\" title=\"* Email\" required=\"required\">                    <\/div>\n\n                                        <div class=\"elementor-field-group elementor-column form-group elementor-field-group-d3aa856 elementor-col-100\">\n                    <label for=\"form-field-d3aa856\" class=\"elementor-field-label\">Telefono<\/label><input type=\"text\" name=\"mobile\" id=\"form-field-d3aa856\" class=\"elementor-field form-control elementor-size-md elementor-field-textual\" title=\"* Telefono\">                    <\/div>\n\n                                        <div class=\"elementor-field-group elementor-column form-group elementor-field-group-message elementor-col-100\">\n                    <label for=\"form-field-message\" class=\"elementor-field-label\">Messaggio<\/label><textarea class=\"elementor-field-textual elementor-field elementor-size-md\" name=\"message\" id=\"form-field-message\" rows=\"7\"><\/textarea>                    <\/div>\n\n                    \n                    \n                    \n                    <div class=\"elementor-field-group elementor-column elementor-field-type-submit elementor-col-100\">\n                    <button type=\"submit\" class=\"houzez-submit-button houzez-contact-form-js elementor-button elementor-size-sm\">\n                        <i class=\"btn-loader houzez-loader-js\"><\/i>\n                                                    Submit                                            <\/button>\n                <\/div>\n            <\/div><!-- End wrapper-->\n            <br\/>\n            <div class=\"ele-form-messages\"><\/div>\n            <div class=\"error-container\"><\/div>\n\n        <\/form>\n\n    \t\t\t\t<\/div>\n\t\t\t\t<\/div>\n\t\t\t\t\t<\/div>\n\t\t<\/div>\n\t\t\t\t\t<\/div>\n\t\t<\/section>\n\t\t\t\t\t<\/div>\n\t\t<\/div>\n\t\t\t\t\t<\/div>\n\t\t<\/section>\n\t\t\t\t<\/div>\n\t\t","protected":false},"excerpt":{"rendered":"<p>VENDI LA TUA PROPRIET\u00c0 PERCH\u00c9 SCEGLIERCI? Nel cuore di Monaco, sinonimo di lusso ed esclusivit\u00e0, trovare un partner immobiliare che incarni fiducia, esperienza e calore familiare \u00e8 un tesoro. Bollati Immobilier, con la sua ricca storia che risale al 1978 e la sua dedizione al mercato immobiliare, \u00e8 un faro di questi valori. Ecco perch\u00e9 [&hellip;]<\/p>\n","protected":false},"author":3,"featured_media":0,"parent":0,"menu_order":0,"comment_status":"closed","ping_status":"closed","template":"template\/template-homepage.php","meta":{"_seopress_robots_primary_cat":"","_seopress_titles_title":"","_seopress_titles_desc":"","_seopress_robots_index":"","_seopress_analysis_target_kw":"","footnotes":""},"class_list":["post-19213","page","type-page","status-publish","hentry"],"_links":{"self":[{"href":"https:\/\/bollati-immobilier.mc\/it\/wp-json\/wp\/v2\/pages\/19213","targetHints":{"allow":["GET"]}}],"collection":[{"href":"https:\/\/bollati-immobilier.mc\/it\/wp-json\/wp\/v2\/pages"}],"about":[{"href":"https:\/\/bollati-immobilier.mc\/it\/wp-json\/wp\/v2\/types\/page"}],"author":[{"embeddable":true,"href":"https:\/\/bollati-immobilier.mc\/it\/wp-json\/wp\/v2\/users\/3"}],"replies":[{"embeddable":true,"href":"https:\/\/bollati-immobilier.mc\/it\/wp-json\/wp\/v2\/comments?post=19213"}],"version-history":[{"count":0,"href":"https:\/\/bollati-immobilier.mc\/it\/wp-json\/wp\/v2\/pages\/19213\/revisions"}],"wp:attachment":[{"href":"https:\/\/bollati-immobilier.mc\/it\/wp-json\/wp\/v2\/media?parent=19213"}],"curies":[{"name":"wp","href":"https:\/\/api.w.org\/{rel}","templated":true}]}}