{"id":17894,"date":"2023-08-13T16:34:25","date_gmt":"2023-08-13T14:34:25","guid":{"rendered":"https:\/\/bollati-immobilier.mc\/\/?page_id=17894"},"modified":"2024-02-19T19:41:04","modified_gmt":"2024-02-19T17:41:04","slug":"sales","status":"publish","type":"page","link":"https:\/\/bollati-immobilier.mc\/en\/sales\/","title":{"rendered":"Sales"},"content":{"rendered":"\t\t<div data-elementor-type=\"wp-page\" data-elementor-id=\"17894\" class=\"elementor elementor-17894\">\n\t\t\t\t\t\t<section class=\"elementor-section elementor-top-section elementor-element elementor-element-a4e09f7 elementor-section-boxed elementor-section-height-default elementor-section-height-default\" data-id=\"a4e09f7\" data-element_type=\"section\" data-e-type=\"section\">\n\t\t\t\t\t\t<div class=\"elementor-container elementor-column-gap-default\">\n\t\t\t\t\t<div class=\"elementor-column elementor-col-100 elementor-top-column elementor-element elementor-element-a800464\" data-id=\"a800464\" data-element_type=\"column\" data-e-type=\"column\">\n\t\t\t<div class=\"elementor-widget-wrap elementor-element-populated\">\n\t\t\t\t\t\t<div class=\"elementor-element elementor-element-70396c6 elementor-widget elementor-widget-houzez_elementor_property-card-v2\" data-id=\"70396c6\" data-element_type=\"widget\" data-e-type=\"widget\" data-widget_type=\"houzez_elementor_property-card-v2.default\">\n\t\t\t\t<div class=\"elementor-widget-container\">\n\t\t\t\t\t\t\t\r\n\t\t<div id=\"properties_module_section\" class=\"property-cards-module property-cards-module-v2 property-cards-module-2-cols\">\r\n\t\t\t<div id=\"module_properties\" class=\"listing-view grid-view card-deck \">\r\n\t\t\t\t<div class=\"item-listing-wrap hz-item-gallery-js card\" data-hz-id=\"hz-19684\" data-images=\"[{&quot;image&quot;:&quot;https:\\\/\\\/bollati-immobilier.mc\\\/wp-content\\\/uploads\\\/2024\\\/02\\\/img-2911-1699870278-592x444.jpg&quot;,&quot;alt&quot;:&quot;&quot;,&quot;width&quot;:592,&quot;height&quot;:444},{&quot;image&quot;:&quot;https:\\\/\\\/bollati-immobilier.mc\\\/wp-content\\\/uploads\\\/2024\\\/02\\\/garage-et-studio-1699870344-592x444.jpg&quot;,&quot;alt&quot;:&quot;&quot;,&quot;width&quot;:592,&quot;height&quot;:444},{&quot;image&quot;:&quot;https:\\\/\\\/bollati-immobilier.mc\\\/wp-content\\\/uploads\\\/2024\\\/02\\\/exposio-0001-1716819496-592x444.jpg&quot;,&quot;alt&quot;:&quot;&quot;,&quot;width&quot;:592,&quot;height&quot;:444},{&quot;image&quot;:&quot;https:\\\/\\\/bollati-immobilier.mc\\\/wp-content\\\/uploads\\\/2024\\\/02\\\/exposio-0012-1716819581-592x444.jpg&quot;,&quot;alt&quot;:&quot;&quot;,&quot;width&quot;:592,&quot;height&quot;:444},{&quot;image&quot;:&quot;https:\\\/\\\/bollati-immobilier.mc\\\/wp-content\\\/uploads\\\/2024\\\/02\\\/exposio-0011-1716819581-592x444.jpg&quot;,&quot;alt&quot;:&quot;&quot;,&quot;width&quot;:592,&quot;height&quot;:444},{&quot;image&quot;:&quot;https:\\\/\\\/bollati-immobilier.mc\\\/wp-content\\\/uploads\\\/2024\\\/02\\\/exposio-0014-1716819582-592x444.jpg&quot;,&quot;alt&quot;:&quot;&quot;,&quot;width&quot;:592,&quot;height&quot;:444},{&quot;image&quot;:&quot;https:\\\/\\\/bollati-immobilier.mc\\\/wp-content\\\/uploads\\\/2024\\\/02\\\/exposio-0016-1716819615-592x444.jpg&quot;,&quot;alt&quot;:&quot;&quot;,&quot;width&quot;:592,&quot;height&quot;:444},{&quot;image&quot;:&quot;https:\\\/\\\/bollati-immobilier.mc\\\/wp-content\\\/uploads\\\/2024\\\/02\\\/exposio-0009-1716819653-592x444.jpg&quot;,&quot;alt&quot;:&quot;&quot;,&quot;width&quot;:592,&quot;height&quot;:444},{&quot;image&quot;:&quot;https:\\\/\\\/bollati-immobilier.mc\\\/wp-content\\\/uploads\\\/2024\\\/02\\\/exposio-0019-1716819615-592x444.jpg&quot;,&quot;alt&quot;:&quot;&quot;,&quot;width&quot;:592,&quot;height&quot;:444},{&quot;image&quot;:&quot;https:\\\/\\\/bollati-immobilier.mc\\\/wp-content\\\/uploads\\\/2024\\\/02\\\/exposio-0005-1716819710-592x444.jpg&quot;,&quot;alt&quot;:&quot;&quot;,&quot;width&quot;:592,&quot;height&quot;:444},{&quot;image&quot;:&quot;https:\\\/\\\/bollati-immobilier.mc\\\/wp-content\\\/uploads\\\/2024\\\/02\\\/exposio-0006-1716819722-592x444.jpg&quot;,&quot;alt&quot;:&quot;&quot;,&quot;width&quot;:592,&quot;height&quot;:444}]\">\n\t<div class=\"item-wrap item-wrap-v2 item-wrap-no-frame h-100\">\n\t\t<div class=\"d-flex align-items-center h-100\">\n\t\t\t<div class=\"item-header\">\n\t\t\t\t\t\t\t\t<div class=\"labels-wrap labels-right\"> \n\n\t<a href=\"https:\/\/bollati-immobilier.mc\/en\/status\/for-sale\/\" class=\"label-status label status-color-29\">\n\t\t\t\t\tFOR SALE\n\t\t\t\t<\/a><a href=\"https:\/\/bollati-immobilier.mc\/en\/label\/exclusive\/\" class=\"hz-label label label-color-148\">\n\t\t\t\t\tEXCLUSIVE\n\t\t\t\t<\/a>       \n\n<\/div>\n\t\t\t\t<ul class=\"item-price-wrap hide-on-list\">\n\t<li class=\"item-price\">540,000\u20ac<\/li><\/ul>\t\t\t\t<ul class=\"item-tools\">\n\n        \n        <li class=\"item-tool item-favorite\">\n        <span class=\"add-favorite-js item-tool-favorite\" data-toggle=\"tooltip\" data-placement=\"top\" title=\"Favoris\" data-listid=\"19684\">\n            <i class=\"houzez-icon icon-love-it \"><\/i> \n        <\/span><!-- item-tool-favorite -->\n    <\/li><!-- item-tool -->\n    \n    <\/ul><!-- item-tools -->\n\t\t\t\t<div class=\"listing-image-wrap\">\n\t<div class=\"listing-thumb\">\n\t\t<a target=_self href=\"https:\/\/bollati-immobilier.mc\/en\/property\/house-30-minutes-from-monaco\/\" class=\"listing-featured-thumb hover-effect\">\n\t\t\t<img fetchpriority=\"high\" decoding=\"async\" width=\"592\" height=\"444\" src=\"https:\/\/bollati-immobilier.mc\/wp-content\/uploads\/2024\/02\/img-2911-1699870278-592x444.jpg\" class=\"img-fluid wp-post-image\" alt=\"\" srcset=\"https:\/\/bollati-immobilier.mc\/wp-content\/uploads\/2024\/02\/img-2911-1699870278-592x444.jpg 592w, https:\/\/bollati-immobilier.mc\/wp-content\/uploads\/2024\/02\/img-2911-1699870278-300x225.jpg 300w, https:\/\/bollati-immobilier.mc\/wp-content\/uploads\/2024\/02\/img-2911-1699870278-1024x768.jpg 1024w, https:\/\/bollati-immobilier.mc\/wp-content\/uploads\/2024\/02\/img-2911-1699870278-768x576.jpg 768w, https:\/\/bollati-immobilier.mc\/wp-content\/uploads\/2024\/02\/img-2911-1699870278-1536x1152.jpg 1536w, https:\/\/bollati-immobilier.mc\/wp-content\/uploads\/2024\/02\/img-2911-1699870278-2048x1536.jpg 2048w, https:\/\/bollati-immobilier.mc\/wp-content\/uploads\/2024\/02\/img-2911-1699870278-584x438.jpg 584w, https:\/\/bollati-immobilier.mc\/wp-content\/uploads\/2024\/02\/img-2911-1699870278-800x600.jpg 800w, https:\/\/bollati-immobilier.mc\/wp-content\/uploads\/2024\/02\/img-2911-1699870278-120x90.jpg 120w, https:\/\/bollati-immobilier.mc\/wp-content\/uploads\/2024\/02\/img-2911-1699870278-496x372.jpg 496w\" sizes=\"(max-width: 592px) 100vw, 592px\" \/>\t\t<\/a><!-- hover-effect -->\n\t<\/div>\n<\/div>\n\t\t\t\t<div class=\"preview_loader\"><\/div>\n\t\t\t<\/div><!-- item-header -->\t\n\t\t\t<div class=\"item-body flex-grow-1\">\n\t\t\t\t<div class=\"labels-wrap labels-right\"> \n\n\t<a href=\"https:\/\/bollati-immobilier.mc\/en\/status\/for-sale\/\" class=\"label-status label status-color-29\">\n\t\t\t\t\tFOR SALE\n\t\t\t\t<\/a><a href=\"https:\/\/bollati-immobilier.mc\/en\/label\/exclusive\/\" class=\"hz-label label label-color-148\">\n\t\t\t\t\tEXCLUSIVE\n\t\t\t\t<\/a>       \n\n<\/div>\n\t\t\t\t<h2 class=\"item-title\">\n\t<a target=_self href=\"https:\/\/bollati-immobilier.mc\/en\/property\/house-30-minutes-from-monaco\/\">HOUSE 30 MINUTES FROM MONACO<\/a>\n<\/h2><!-- item-title -->\t\t\t\t<ul class=\"item-price-wrap hide-on-list\">\n\t<li class=\"item-price\">540,000\u20ac<\/li><\/ul>\t\t\t\t<address class=\"item-address\">Peille, France<\/address>\t\t\t\t\t\t\t\t<ul class=\"item-amenities item-amenities-with-icons\">\n\t<li class=\"h-beds\"><span class=\"hz-figure\">3 <i class=\"houzez-icon icon-hotel-double-bed-1 ml-1\"><\/i><\/span> Chambres<\/li><li class=\"h-baths\"><span class=\"hz-figure\">3 <i class=\"houzez-icon icon-bathroom-shower-1 mr-1\"><\/i><\/span>Bathrooms<\/li><li class=\"h-area\"><span class=\"hz-figure\">2125.38 <i class=\"houzez-icon icon-ruler-triangle mr-1\"><\/i><\/span><div class=\"hz-figure area_postfix\">m\u00b2<\/div><\/li><\/ul>\t\t\t\t\t\t\t\t<div class=\"item-date\">\n\t<i class=\"houzez-icon icon-attachment mr-1\"><\/i>\n\t2 years ago<\/div><!-- item-date -->\n\t\t\t<\/div><!-- item-body -->\n\n\t\t\t\t\t\t<div class=\"item-footer clearfix\">\n\t\t\t\t\t\t\t\t<div class=\"item-date\">\n\t<i class=\"houzez-icon icon-attachment mr-1\"><\/i>\n\t2 years ago<\/div><!-- item-date -->\n\t\t\t<\/div>\n\t\t\t\t\t<\/div><!-- d-flex -->\n\t\t\n\t<\/div><!-- item-wrap -->\n<\/div><!-- item-listing-wrap --><div class=\"item-listing-wrap hz-item-gallery-js card\" data-hz-id=\"hz-18758\" data-images=\"[{&quot;image&quot;:&quot;https:\\\/\\\/bollati-immobilier.mc\\\/wp-content\\\/uploads\\\/2023\\\/09\\\/78d62ee3-6654-425c-bcfc-b5c13986d513-1645801761-592x444.jpg&quot;,&quot;alt&quot;:&quot;&quot;,&quot;width&quot;:592,&quot;height&quot;:444},{&quot;image&quot;:&quot;https:\\\/\\\/bollati-immobilier.mc\\\/wp-content\\\/uploads\\\/2023\\\/09\\\/35d97998-405f-49d5-8a5e-0c48c256ab9b-1645801750-576x444.jpg&quot;,&quot;alt&quot;:&quot;&quot;,&quot;width&quot;:576,&quot;height&quot;:444},{&quot;image&quot;:&quot;https:\\\/\\\/bollati-immobilier.mc\\\/wp-content\\\/uploads\\\/2023\\\/09\\\/ab7be021-5966-427f-a897-2b72a6d52575-1645801761-592x444.jpg&quot;,&quot;alt&quot;:&quot;&quot;,&quot;width&quot;:592,&quot;height&quot;:444},{&quot;image&quot;:&quot;https:\\\/\\\/bollati-immobilier.mc\\\/wp-content\\\/uploads\\\/2023\\\/09\\\/ca39e091-92ad-477f-bcc5-031e1821f13c-1645801761-576x444.jpg&quot;,&quot;alt&quot;:&quot;&quot;,&quot;width&quot;:576,&quot;height&quot;:444},{&quot;image&quot;:&quot;https:\\\/\\\/bollati-immobilier.mc\\\/wp-content\\\/uploads\\\/2023\\\/09\\\/f1c084ba-841f-45ed-84e3-1b7afc3bc205-1645801761-576x444.jpg&quot;,&quot;alt&quot;:&quot;&quot;,&quot;width&quot;:576,&quot;height&quot;:444},{&quot;image&quot;:&quot;https:\\\/\\\/bollati-immobilier.mc\\\/wp-content\\\/uploads\\\/2023\\\/09\\\/img-5201-1645801916-592x444.jpg&quot;,&quot;alt&quot;:&quot;&quot;,&quot;width&quot;:592,&quot;height&quot;:444},{&quot;image&quot;:&quot;https:\\\/\\\/bollati-immobilier.mc\\\/wp-content\\\/uploads\\\/2023\\\/09\\\/dcde1417-a590-4066-91c1-3be71230e85c-1645801761-592x444.jpg&quot;,&quot;alt&quot;:&quot;&quot;,&quot;width&quot;:592,&quot;height&quot;:444},{&quot;image&quot;:&quot;https:\\\/\\\/bollati-immobilier.mc\\\/wp-content\\\/uploads\\\/2023\\\/09\\\/img-4786-1645801673-592x444.jpg&quot;,&quot;alt&quot;:&quot;&quot;,&quot;width&quot;:592,&quot;height&quot;:444},{&quot;image&quot;:&quot;https:\\\/\\\/bollati-immobilier.mc\\\/wp-content\\\/uploads\\\/2023\\\/09\\\/78d62ee3-6654-425c-bcfc-b5c13986d513-1645801761-1-592x444.jpg&quot;,&quot;alt&quot;:&quot;&quot;,&quot;width&quot;:592,&quot;height&quot;:444}]\">\n\t<div class=\"item-wrap item-wrap-v2 item-wrap-no-frame h-100\">\n\t\t<div class=\"d-flex align-items-center h-100\">\n\t\t\t<div class=\"item-header\">\n\t\t\t\t\t\t\t\t<div class=\"labels-wrap labels-right\"> \n\n\t<a href=\"https:\/\/bollati-immobilier.mc\/en\/status\/for-sale\/\" class=\"label-status label status-color-29\">\n\t\t\t\t\tFOR SALE\n\t\t\t\t<\/a><a href=\"https:\/\/bollati-immobilier.mc\/en\/label\/exclusive\/\" class=\"hz-label label label-color-148\">\n\t\t\t\t\tEXCLUSIVE\n\t\t\t\t<\/a>       \n\n<\/div>\n\t\t\t\t<ul class=\"item-price-wrap hide-on-list\">\n\t<li class=\"item-price\">5,500,000\u20ac<\/li><\/ul>\t\t\t\t<ul class=\"item-tools\">\n\n        \n        <li class=\"item-tool item-favorite\">\n        <span class=\"add-favorite-js item-tool-favorite\" data-toggle=\"tooltip\" data-placement=\"top\" title=\"Favoris\" data-listid=\"18758\">\n            <i class=\"houzez-icon icon-love-it \"><\/i> \n        <\/span><!-- item-tool-favorite -->\n    <\/li><!-- item-tool -->\n    \n    <\/ul><!-- item-tools -->\n\t\t\t\t<div class=\"listing-image-wrap\">\n\t<div class=\"listing-thumb\">\n\t\t<a target=_self href=\"https:\/\/bollati-immobilier.mc\/en\/property\/magnificent-3-rooms-boulevard-de-belgique\/\" class=\"listing-featured-thumb hover-effect\">\n\t\t\t<img decoding=\"async\" width=\"592\" height=\"444\" src=\"https:\/\/bollati-immobilier.mc\/wp-content\/uploads\/2023\/09\/78d62ee3-6654-425c-bcfc-b5c13986d513-1645801761-592x444.jpg\" class=\"img-fluid wp-post-image\" alt=\"\" srcset=\"https:\/\/bollati-immobilier.mc\/wp-content\/uploads\/2023\/09\/78d62ee3-6654-425c-bcfc-b5c13986d513-1645801761-592x444.jpg 592w, https:\/\/bollati-immobilier.mc\/wp-content\/uploads\/2023\/09\/78d62ee3-6654-425c-bcfc-b5c13986d513-1645801761-584x438.jpg 584w, https:\/\/bollati-immobilier.mc\/wp-content\/uploads\/2023\/09\/78d62ee3-6654-425c-bcfc-b5c13986d513-1645801761-120x90.jpg 120w\" sizes=\"(max-width: 592px) 100vw, 592px\" \/>\t\t<\/a><!-- hover-effect -->\n\t<\/div>\n<\/div>\n\t\t\t\t<div class=\"preview_loader\"><\/div>\n\t\t\t<\/div><!-- item-header -->\t\n\t\t\t<div class=\"item-body flex-grow-1\">\n\t\t\t\t<div class=\"labels-wrap labels-right\"> \n\n\t<a href=\"https:\/\/bollati-immobilier.mc\/en\/status\/for-sale\/\" class=\"label-status label status-color-29\">\n\t\t\t\t\tFOR SALE\n\t\t\t\t<\/a><a href=\"https:\/\/bollati-immobilier.mc\/en\/label\/exclusive\/\" class=\"hz-label label label-color-148\">\n\t\t\t\t\tEXCLUSIVE\n\t\t\t\t<\/a>       \n\n<\/div>\n\t\t\t\t<h2 class=\"item-title\">\n\t<a target=_self href=\"https:\/\/bollati-immobilier.mc\/en\/property\/magnificent-3-rooms-boulevard-de-belgique\/\">MAGNIFICENT 3 ROOMS Boulevard de Belgique<\/a>\n<\/h2><!-- item-title -->\t\t\t\t<ul class=\"item-price-wrap hide-on-list\">\n\t<li class=\"item-price\">5,500,000\u20ac<\/li><\/ul>\t\t\t\t<address class=\"item-address\">Palais de l'Etoile, 9 bis boulevard de Belgique, Moneghetti, 98000 Monaco<\/address>\t\t\t\t\t\t\t\t<ul class=\"item-amenities item-amenities-with-icons\">\n\t<li class=\"h-beds\"><span class=\"hz-figure\">2 <i class=\"houzez-icon icon-hotel-double-bed-1 ml-1\"><\/i><\/span> Chambres<\/li><li class=\"h-baths\"><span class=\"hz-figure\">2 <i class=\"houzez-icon icon-bathroom-shower-1 mr-1\"><\/i><\/span>Bathrooms<\/li><li class=\"h-area\"><span class=\"hz-figure\">105 <i class=\"houzez-icon icon-ruler-triangle mr-1\"><\/i><\/span><div class=\"hz-figure area_postfix\">m\u00b2<\/div><\/li><\/ul>\t\t\t\t\t\t\t\t<div class=\"item-date\">\n\t<i class=\"houzez-icon icon-attachment mr-1\"><\/i>\n\t2 years ago<\/div><!-- item-date -->\n\t\t\t<\/div><!-- item-body -->\n\n\t\t\t\t\t\t<div class=\"item-footer clearfix\">\n\t\t\t\t\t\t\t\t<div class=\"item-date\">\n\t<i class=\"houzez-icon icon-attachment mr-1\"><\/i>\n\t2 years ago<\/div><!-- item-date -->\n\t\t\t<\/div>\n\t\t\t\t\t<\/div><!-- d-flex -->\n\t\t\n\t<\/div><!-- item-wrap -->\n<\/div><!-- item-listing-wrap --><div class=\"item-listing-wrap hz-item-gallery-js card\" data-hz-id=\"hz-18773\" data-images=\"[{&quot;image&quot;:&quot;https:\\\/\\\/bollati-immobilier.mc\\\/wp-content\\\/uploads\\\/2023\\\/09\\\/4953730a-b9d5-40c8-ab45-ce430be2cfe6-2-1652363594-592x444.jpg&quot;,&quot;alt&quot;:&quot;&quot;,&quot;width&quot;:592,&quot;height&quot;:444},{&quot;image&quot;:&quot;https:\\\/\\\/bollati-immobilier.mc\\\/wp-content\\\/uploads\\\/2023\\\/09\\\/img-0463-1652363611-592x444.jpg&quot;,&quot;alt&quot;:&quot;&quot;,&quot;width&quot;:592,&quot;height&quot;:444},{&quot;image&quot;:&quot;https:\\\/\\\/bollati-immobilier.mc\\\/wp-content\\\/uploads\\\/2023\\\/09\\\/img-0468-1652363626-592x444.jpg&quot;,&quot;alt&quot;:&quot;&quot;,&quot;width&quot;:592,&quot;height&quot;:444},{&quot;image&quot;:&quot;https:\\\/\\\/bollati-immobilier.mc\\\/wp-content\\\/uploads\\\/2023\\\/09\\\/img-0469-1652363638-592x444.jpg&quot;,&quot;alt&quot;:&quot;&quot;,&quot;width&quot;:592,&quot;height&quot;:444},{&quot;image&quot;:&quot;https:\\\/\\\/bollati-immobilier.mc\\\/wp-content\\\/uploads\\\/2023\\\/09\\\/img-0476-1652363658-592x444.jpg&quot;,&quot;alt&quot;:&quot;&quot;,&quot;width&quot;:592,&quot;height&quot;:444},{&quot;image&quot;:&quot;https:\\\/\\\/bollati-immobilier.mc\\\/wp-content\\\/uploads\\\/2023\\\/09\\\/img-0465-1652363585-592x444.jpg&quot;,&quot;alt&quot;:&quot;&quot;,&quot;width&quot;:592,&quot;height&quot;:444},{&quot;image&quot;:&quot;https:\\\/\\\/bollati-immobilier.mc\\\/wp-content\\\/uploads\\\/2024\\\/02\\\/4953730a-b9d5-40c8-ab45-ce430be2cfe6-2-1652363594-592x444.jpg&quot;,&quot;alt&quot;:&quot;&quot;,&quot;width&quot;:592,&quot;height&quot;:444}]\">\n\t<div class=\"item-wrap item-wrap-v2 item-wrap-no-frame h-100\">\n\t\t<div class=\"d-flex align-items-center h-100\">\n\t\t\t<div class=\"item-header\">\n\t\t\t\t\t\t\t\t<div class=\"labels-wrap labels-right\"> \n\n\t<a href=\"https:\/\/bollati-immobilier.mc\/en\/status\/for-sale\/\" class=\"label-status label status-color-29\">\n\t\t\t\t\tFOR SALE\n\t\t\t\t<\/a><a href=\"https:\/\/bollati-immobilier.mc\/en\/label\/exclusive\/\" class=\"hz-label label label-color-148\">\n\t\t\t\t\tEXCLUSIVE\n\t\t\t\t<\/a>       \n\n<\/div>\n\t\t\t\t<ul class=\"item-price-wrap hide-on-list\">\n\t<li class=\"item-price\">2,200,000\u20ac<\/li><\/ul>\t\t\t\t<ul class=\"item-tools\">\n\n        \n        <li class=\"item-tool item-favorite\">\n        <span class=\"add-favorite-js item-tool-favorite\" data-toggle=\"tooltip\" data-placement=\"top\" title=\"Favoris\" data-listid=\"18773\">\n            <i class=\"houzez-icon icon-love-it \"><\/i> \n        <\/span><!-- item-tool-favorite -->\n    <\/li><!-- item-tool -->\n    \n    <\/ul><!-- item-tools -->\n\t\t\t\t<div class=\"listing-image-wrap\">\n\t<div class=\"listing-thumb\">\n\t\t<a target=_self href=\"https:\/\/bollati-immobilier.mc\/en\/property\/grand-studio-fontvieille\/\" class=\"listing-featured-thumb hover-effect\">\n\t\t\t<img decoding=\"async\" width=\"592\" height=\"444\" src=\"https:\/\/bollati-immobilier.mc\/wp-content\/uploads\/2023\/09\/4953730a-b9d5-40c8-ab45-ce430be2cfe6-2-1652363594-592x444.jpg\" class=\"img-fluid wp-post-image\" alt=\"\" srcset=\"https:\/\/bollati-immobilier.mc\/wp-content\/uploads\/2023\/09\/4953730a-b9d5-40c8-ab45-ce430be2cfe6-2-1652363594-592x444.jpg 592w, https:\/\/bollati-immobilier.mc\/wp-content\/uploads\/2023\/09\/4953730a-b9d5-40c8-ab45-ce430be2cfe6-2-1652363594-584x438.jpg 584w, https:\/\/bollati-immobilier.mc\/wp-content\/uploads\/2023\/09\/4953730a-b9d5-40c8-ab45-ce430be2cfe6-2-1652363594-120x90.jpg 120w\" sizes=\"(max-width: 592px) 100vw, 592px\" \/>\t\t<\/a><!-- hover-effect -->\n\t<\/div>\n<\/div>\n\t\t\t\t<div class=\"preview_loader\"><\/div>\n\t\t\t<\/div><!-- item-header -->\t\n\t\t\t<div class=\"item-body flex-grow-1\">\n\t\t\t\t<div class=\"labels-wrap labels-right\"> \n\n\t<a href=\"https:\/\/bollati-immobilier.mc\/en\/status\/for-sale\/\" class=\"label-status label status-color-29\">\n\t\t\t\t\tFOR SALE\n\t\t\t\t<\/a><a href=\"https:\/\/bollati-immobilier.mc\/en\/label\/exclusive\/\" class=\"hz-label label label-color-148\">\n\t\t\t\t\tEXCLUSIVE\n\t\t\t\t<\/a>       \n\n<\/div>\n\t\t\t\t<h2 class=\"item-title\">\n\t<a target=_self href=\"https:\/\/bollati-immobilier.mc\/en\/property\/grand-studio-fontvieille\/\">GRAND STUDIO FONTVIEILLE<\/a>\n<\/h2><!-- item-title -->\t\t\t\t<ul class=\"item-price-wrap hide-on-list\">\n\t<li class=\"item-price\">2,200,000\u20ac<\/li><\/ul>\t\t\t\t<address class=\"item-address\">4 Avenue des Papalins, 98000, Monaco<\/address>\t\t\t\t\t\t\t\t<ul class=\"item-amenities item-amenities-with-icons\">\n\t<li class=\"h-area\"><span class=\"hz-figure\">65 <i class=\"houzez-icon icon-ruler-triangle mr-1\"><\/i><\/span><div class=\"hz-figure area_postfix\">m\u00b2<\/div><\/li><\/ul>\t\t\t\t\t\t\t\t<div class=\"item-date\">\n\t<i class=\"houzez-icon icon-attachment mr-1\"><\/i>\n\t2 years ago<\/div><!-- item-date -->\n\t\t\t<\/div><!-- item-body -->\n\n\t\t\t\t\t\t<div class=\"item-footer clearfix\">\n\t\t\t\t\t\t\t\t<div class=\"item-date\">\n\t<i class=\"houzez-icon icon-attachment mr-1\"><\/i>\n\t2 years ago<\/div><!-- item-date -->\n\t\t\t<\/div>\n\t\t\t\t\t<\/div><!-- d-flex -->\n\t\t\n\t<\/div><!-- item-wrap -->\n<\/div><!-- item-listing-wrap --><div class=\"item-listing-wrap hz-item-gallery-js card\" data-hz-id=\"hz-18767\" data-images=\"[{&quot;image&quot;:&quot;https:\\\/\\\/bollati-immobilier.mc\\\/wp-content\\\/uploads\\\/2023\\\/09\\\/img-2406-1678263757-592x444.jpg&quot;,&quot;alt&quot;:&quot;&quot;,&quot;width&quot;:592,&quot;height&quot;:444},{&quot;image&quot;:&quot;https:\\\/\\\/bollati-immobilier.mc\\\/wp-content\\\/uploads\\\/2023\\\/09\\\/capture-d-ecran-2021-02-10-a-10.24.17-1612952436-592x444.jpg&quot;,&quot;alt&quot;:&quot;&quot;,&quot;width&quot;:592,&quot;height&quot;:444},{&quot;image&quot;:&quot;https:\\\/\\\/bollati-immobilier.mc\\\/wp-content\\\/uploads\\\/2023\\\/09\\\/img-2406-1678263757-1-592x444.jpg&quot;,&quot;alt&quot;:&quot;&quot;,&quot;width&quot;:592,&quot;height&quot;:444}]\">\n\t<div class=\"item-wrap item-wrap-v2 item-wrap-no-frame h-100\">\n\t\t<div class=\"d-flex align-items-center h-100\">\n\t\t\t<div class=\"item-header\">\n\t\t\t\t\t\t\t\t<div class=\"labels-wrap labels-right\"> \n\n\t<a href=\"https:\/\/bollati-immobilier.mc\/en\/status\/for-sale\/\" class=\"label-status label status-color-29\">\n\t\t\t\t\tFOR SALE\n\t\t\t\t<\/a><a href=\"https:\/\/bollati-immobilier.mc\/en\/label\/exclusive\/\" class=\"hz-label label label-color-148\">\n\t\t\t\t\tEXCLUSIVE\n\t\t\t\t<\/a>       \n\n<\/div>\n\t\t\t\t<ul class=\"item-price-wrap hide-on-list\">\n\t<li class=\"item-price\">1,150,000\u20ac<\/li><\/ul>\t\t\t\t<ul class=\"item-tools\">\n\n        \n        <li class=\"item-tool item-favorite\">\n        <span class=\"add-favorite-js item-tool-favorite\" data-toggle=\"tooltip\" data-placement=\"top\" title=\"Favoris\" data-listid=\"18767\">\n            <i class=\"houzez-icon icon-love-it \"><\/i> \n        <\/span><!-- item-tool-favorite -->\n    <\/li><!-- item-tool -->\n    \n    <\/ul><!-- item-tools -->\n\t\t\t\t<div class=\"listing-image-wrap\">\n\t<div class=\"listing-thumb\">\n\t\t<a target=_self href=\"https:\/\/bollati-immobilier.mc\/en\/property\/mixed-use-studio-with-sea-view\/\" class=\"listing-featured-thumb hover-effect\">\n\t\t\t<img loading=\"lazy\" decoding=\"async\" width=\"592\" height=\"444\" src=\"https:\/\/bollati-immobilier.mc\/wp-content\/uploads\/2023\/09\/img-2406-1678263757-592x444.jpg\" class=\"img-fluid wp-post-image\" alt=\"\" srcset=\"https:\/\/bollati-immobilier.mc\/wp-content\/uploads\/2023\/09\/img-2406-1678263757-592x444.jpg 592w, https:\/\/bollati-immobilier.mc\/wp-content\/uploads\/2023\/09\/img-2406-1678263757-584x438.jpg 584w, https:\/\/bollati-immobilier.mc\/wp-content\/uploads\/2023\/09\/img-2406-1678263757-120x90.jpg 120w\" sizes=\"(max-width: 592px) 100vw, 592px\" \/>\t\t<\/a><!-- hover-effect -->\n\t<\/div>\n<\/div>\n\t\t\t\t<div class=\"preview_loader\"><\/div>\n\t\t\t<\/div><!-- item-header -->\t\n\t\t\t<div class=\"item-body flex-grow-1\">\n\t\t\t\t<div class=\"labels-wrap labels-right\"> \n\n\t<a href=\"https:\/\/bollati-immobilier.mc\/en\/status\/for-sale\/\" class=\"label-status label status-color-29\">\n\t\t\t\t\tFOR SALE\n\t\t\t\t<\/a><a href=\"https:\/\/bollati-immobilier.mc\/en\/label\/exclusive\/\" class=\"hz-label label label-color-148\">\n\t\t\t\t\tEXCLUSIVE\n\t\t\t\t<\/a>       \n\n<\/div>\n\t\t\t\t<h2 class=\"item-title\">\n\t<a target=_self href=\"https:\/\/bollati-immobilier.mc\/en\/property\/mixed-use-studio-with-sea-view\/\">Mixed Use Studio with Glimpses of the Sea<\/a>\n<\/h2><!-- item-title -->\t\t\t\t<ul class=\"item-price-wrap hide-on-list\">\n\t<li class=\"item-price\">1,150,000\u20ac<\/li><\/ul>\t\t\t\t<address class=\"item-address\">Ch\u00e2teau P\u00e9rigord, 6 lacets Saint L\u00e9on, La Rousse, 98000 Monaco<\/address>\t\t\t\t\t\t\t\t<ul class=\"item-amenities item-amenities-with-icons\">\n\t<li class=\"h-baths\"><span class=\"hz-figure\">1 <i class=\"houzez-icon icon-bathroom-shower-1 mr-1\"><\/i><\/span>Bathroom<\/li><li class=\"h-area\"><span class=\"hz-figure\">24 <i class=\"houzez-icon icon-ruler-triangle mr-1\"><\/i><\/span><div class=\"hz-figure area_postfix\">m\u00b2<\/div><\/li><\/ul>\t\t\t\t\t\t\t\t<div class=\"item-date\">\n\t<i class=\"houzez-icon icon-attachment mr-1\"><\/i>\n\t3 years ago<\/div><!-- item-date -->\n\t\t\t<\/div><!-- item-body -->\n\n\t\t\t\t\t\t<div class=\"item-footer clearfix\">\n\t\t\t\t\t\t\t\t<div class=\"item-date\">\n\t<i class=\"houzez-icon icon-attachment mr-1\"><\/i>\n\t3 years ago<\/div><!-- item-date -->\n\t\t\t<\/div>\n\t\t\t\t\t<\/div><!-- d-flex -->\n\t\t\n\t<\/div><!-- item-wrap -->\n<\/div><!-- item-listing-wrap -->\r\n\t\t\t<\/div><!-- listing-view -->\r\n\r\n\t\t\t\t\t\t\t<div id=\"fave-pagination-loadmore\" class=\"load-more-wrap mb-4 fave-load-more\">\r\n                    <a class=\"btn btn-primary-outlined btn-load-more\"  \r\n                    data-paged=\"2\" \r\n                    data-prop-limit=\"9\" \r\n                    data-card=\"item-v2\" \r\n                    data-type=\"\" \r\n                    data-status=\"for-sale\" \r\n                    data-state=\"\" \r\n                    data-city=\"\" \r\n                    data-country=\"\" \r\n                    data-area=\"\" \r\n                    data-label=\"\" \r\n                    data-user-role=\"\" \r\n                    data-featured-prop=\"\" \r\n                    data-offset=\"\"\r\n                    data-sortby=\"\"\r\n                    data-property_ids=\"\"\r\n                    data-min_price=\"\"\r\n                    data-max_price=\"\"\r\n                    data-min_beds=\"\"\r\n                    data-max_beds=\"\"\r\n                    data-min_baths=\"\"\r\n                    data-max_baths=\"\"\r\n                    data-agents=\"\"\r\n                    data-agencies=\"\"\r\n                    data-post_status=\"all\"\r\n                    href=\"#\">\r\n                    \t<span class=\"btn-loader houzez-loader-js\"><\/span>                    \tLoad More\t\t\r\n                    <\/a>               \r\n\t\t\t\t<\/div><!-- load-more-wrap -->\r\n\t\t\t\t\t<\/div><!-- property-grid-module -->\r\n\r\n\t\t\t\t\t\t<\/div>\n\t\t\t\t<\/div>\n\t\t\t\t\t<\/div>\n\t\t<\/div>\n\t\t\t\t\t<\/div>\n\t\t<\/section>\n\t\t\t\t<\/div>\n\t\t","protected":false},"excerpt":{"rendered":"<p>\u00c0 VENDRE \u00c0 VENDRE 2 PI\u00c8CES AVEC POTENTIEL AU COEUR DE MONACO 1 Rue Bellevue, 98000 Monaco 1 Chambre 1 Salle de bains 75 m\u00b2 1 week ago 1 week ago \u00c0 VENDRE 550,000\u20ac \u00c0 VENDRE 4 PIECES AVEC POTENTIEL 550,000\u20ac Beausoleil, France 3 Chambres 1 Salle de bains 68 m\u00b2 1 week ago 1 [&hellip;]<\/p>\n","protected":false},"author":3,"featured_media":0,"parent":0,"menu_order":0,"comment_status":"closed","ping_status":"closed","template":"","meta":{"_seopress_robots_primary_cat":"","_seopress_titles_title":"","_seopress_titles_desc":"","_seopress_robots_index":"","footnotes":""},"class_list":["post-17894","page","type-page","status-publish","hentry"],"_links":{"self":[{"href":"https:\/\/bollati-immobilier.mc\/en\/wp-json\/wp\/v2\/pages\/17894","targetHints":{"allow":["GET"]}}],"collection":[{"href":"https:\/\/bollati-immobilier.mc\/en\/wp-json\/wp\/v2\/pages"}],"about":[{"href":"https:\/\/bollati-immobilier.mc\/en\/wp-json\/wp\/v2\/types\/page"}],"author":[{"embeddable":true,"href":"https:\/\/bollati-immobilier.mc\/en\/wp-json\/wp\/v2\/users\/3"}],"replies":[{"embeddable":true,"href":"https:\/\/bollati-immobilier.mc\/en\/wp-json\/wp\/v2\/comments?post=17894"}],"version-history":[{"count":0,"href":"https:\/\/bollati-immobilier.mc\/en\/wp-json\/wp\/v2\/pages\/17894\/revisions"}],"wp:attachment":[{"href":"https:\/\/bollati-immobilier.mc\/en\/wp-json\/wp\/v2\/media?parent=17894"}],"curies":[{"name":"wp","href":"https:\/\/api.w.org\/{rel}","templated":true}]}}